{"id":64,"date":"2020-08-23T11:16:05","date_gmt":"2020-08-23T11:16:05","guid":{"rendered":"http:\/\/sperling-translations.de\/?page_id=64"},"modified":"2021-02-04T10:27:24","modified_gmt":"2021-02-04T10:27:24","slug":"home","status":"publish","type":"page","link":"https:\/\/sperling-translations.de\/en\/","title":{"rendered":"Home"},"content":{"rendered":"<div data-elementor-type=\"wp-page\" data-elementor-id=\"64\" class=\"elementor elementor-64\" data-elementor-settings=\"[]\">\n\t\t\t<div class=\"elementor-inner\">\n\t\t\t\t<div class=\"elementor-section-wrap\">\n\t\t\t\t\t\t\t<header class=\"elementor-element elementor-element-7e287138 elementor-section-stretched elementor-section-height-min-height elementor-section-boxed elementor-section-height-default elementor-section-items-middle elementor-section elementor-top-section\" data-id=\"7e287138\" data-element_type=\"section\" data-settings=\"{&quot;stretch_section&quot;:&quot;section-stretched&quot;,&quot;background_background&quot;:&quot;classic&quot;}\">\n\t\t\t\t\t\t\t<div class=\"elementor-background-overlay\"><\/div>\n\t\t\t\t\t\t\t<div class=\"elementor-container elementor-column-gap-default\">\n\t\t\t\t<div class=\"elementor-row\">\n\t\t\t\t<div class=\"elementor-element elementor-element-42cf013 elementor-column elementor-col-100 elementor-top-column\" data-id=\"42cf013\" data-element_type=\"column\">\n\t\t\t<div class=\"elementor-column-wrap  elementor-element-populated\">\n\t\t\t\t\t<div class=\"elementor-widget-wrap\">\n\t\t\t\t<div class=\"elementor-element elementor-element-5abc055 elementor-widget elementor-widget-image\" data-id=\"5abc055\" data-element_type=\"widget\" data-widget_type=\"image.default\">\n\t\t\t\t<div class=\"elementor-widget-container\">\n\t\t\t\t\t<div class=\"elementor-image\">\n\t\t\t\t\t\t\t\t\t\t<img width=\"370\" height=\"188\" src=\"https:\/\/sperling-translations.de\/wp-content\/uploads\/2020\/08\/logo.png\" class=\"attachment-large size-large\" alt=\"\" loading=\"lazy\" srcset=\"https:\/\/sperling-translations.de\/wp-content\/uploads\/2020\/08\/logo.png 370w, https:\/\/sperling-translations.de\/wp-content\/uploads\/2020\/08\/logo-300x152.png 300w\" sizes=\"(max-width: 370px) 100vw, 370px\" \/>\t\t\t\t\t\t\t\t\t\t\t<\/div>\n\t\t\t\t<\/div>\n\t\t\t\t<\/div>\n\t\t\t\t<div class=\"elementor-element elementor-element-9483a72 elementor-widget elementor-widget-text-editor\" data-id=\"9483a72\" data-element_type=\"widget\" data-widget_type=\"text-editor.default\">\n\t\t\t\t<div class=\"elementor-widget-container\">\n\t\t\t\t\t<div class=\"elementor-text-editor elementor-clearfix\"><p>Find the right words - in any language!<\/p><\/div>\n\t\t\t\t<\/div>\n\t\t\t\t<\/div>\n\t\t\t\t<section class=\"elementor-element elementor-element-647a01ab elementor-section-boxed elementor-section-height-default elementor-section-height-default elementor-section elementor-inner-section\" data-id=\"647a01ab\" data-element_type=\"section\">\n\t\t\t\t\t\t<div class=\"elementor-container elementor-column-gap-default\">\n\t\t\t\t<div class=\"elementor-row\">\n\t\t\t\t<div class=\"elementor-element elementor-element-5c593938 elementor-column elementor-col-100 elementor-inner-column\" data-id=\"5c593938\" data-element_type=\"column\">\n\t\t\t<div class=\"elementor-column-wrap  elementor-element-populated\">\n\t\t\t\t\t<div class=\"elementor-widget-wrap\">\n\t\t\t\t<div class=\"elementor-element elementor-element-159995e2 elementor-align-center elementor-mobile-align-justify elementor-widget elementor-widget-button\" data-id=\"159995e2\" data-element_type=\"widget\" data-widget_type=\"button.default\">\n\t\t\t\t<div class=\"elementor-widget-container\">\n\t\t\t\t\t<div class=\"elementor-button-wrapper\">\n\t\t\t<a href=\"https:\/\/sperling-translations.de\/en\/kontakt\/\" class=\"elementor-button-link elementor-button elementor-size-lg elementor-animation-float\" role=\"button\">\n\t\t\t\t\t\t<span class=\"elementor-button-content-wrapper\">\n\t\t\t\t\t\t<span class=\"elementor-button-text\">Contact<\/span>\n\t\t<\/span>\n\t\t\t\t\t<\/a>\n\t\t<\/div>\n\t\t\t\t<\/div>\n\t\t\t\t<\/div>\n\t\t\t\t\t\t<\/div>\n\t\t\t<\/div>\n\t\t<\/div>\n\t\t\t\t\t\t<\/div>\n\t\t\t<\/div>\n\t\t<\/section>\n\t\t\t\t\t\t<\/div>\n\t\t\t<\/div>\n\t\t<\/div>\n\t\t\t\t\t\t<\/div>\n\t\t\t<\/div>\n\t\t<\/header>\n\t\t\t\t<section class=\"elementor-element elementor-element-66375938 elementor-reverse-tablet elementor-reverse-mobile elementor-section-boxed elementor-section-height-default elementor-section-height-default elementor-section elementor-top-section\" data-id=\"66375938\" data-element_type=\"section\" data-settings=\"{&quot;background_background&quot;:&quot;classic&quot;}\">\n\t\t\t\t\t\t\t<div class=\"elementor-background-overlay\"><\/div>\n\t\t\t\t\t\t\t<div class=\"elementor-container elementor-column-gap-default\">\n\t\t\t\t<div class=\"elementor-row\">\n\t\t\t\t<div class=\"elementor-element elementor-element-56b3e05f elementor-column elementor-col-100 elementor-top-column\" data-id=\"56b3e05f\" data-element_type=\"column\">\n\t\t\t<div class=\"elementor-column-wrap  elementor-element-populated\">\n\t\t\t\t\t<div class=\"elementor-widget-wrap\">\n\t\t\t\t<div class=\"elementor-element elementor-element-4933d2bb elementor-widget elementor-widget-heading\" data-id=\"4933d2bb\" data-element_type=\"widget\" data-widget_type=\"heading.default\">\n\t\t\t\t<div class=\"elementor-widget-container\">\n\t\t\t<h2 class=\"elementor-heading-title elementor-size-default\">Services<\/h2>\t\t<\/div>\n\t\t\t\t<\/div>\n\t\t\t\t<div class=\"elementor-element elementor-element-2c56fc38 elementor-widget elementor-widget-divider\" data-id=\"2c56fc38\" data-element_type=\"widget\" data-widget_type=\"divider.default\">\n\t\t\t\t<div class=\"elementor-widget-container\">\n\t\t\t\t\t<div class=\"elementor-divider\">\n\t\t\t<span class=\"elementor-divider-separator\">\n\t\t\t\t\t\t<\/span>\n\t\t<\/div>\n\t\t\t\t<\/div>\n\t\t\t\t<\/div>\n\t\t\t\t<section class=\"elementor-element elementor-element-708e95de elementor-section-boxed elementor-section-height-default elementor-section-height-default elementor-invisible elementor-section elementor-inner-section\" data-id=\"708e95de\" data-element_type=\"section\" data-settings=\"{&quot;animation&quot;:&quot;fadeIn&quot;}\">\n\t\t\t\t\t\t<div class=\"elementor-container elementor-column-gap-default\">\n\t\t\t\t<div class=\"elementor-row\">\n\t\t\t\t<div class=\"elementor-element elementor-element-52f784e5 elementor-column elementor-col-50 elementor-inner-column\" data-id=\"52f784e5\" data-element_type=\"column\">\n\t\t\t<div class=\"elementor-column-wrap  elementor-element-populated\">\n\t\t\t\t\t<div class=\"elementor-widget-wrap\">\n\t\t\t\t<div class=\"elementor-element elementor-element-09e8249 elementor-position-right elementor-vertical-align-middle elementor-widget elementor-widget-image-box\" data-id=\"09e8249\" data-element_type=\"widget\" data-widget_type=\"image-box.default\">\n\t\t\t\t<div class=\"elementor-widget-container\">\n\t\t\t<div class=\"elementor-image-box-wrapper\"><figure class=\"elementor-image-box-img\"><img width=\"1237\" height=\"1237\" src=\"https:\/\/sperling-translations.de\/wp-content\/uploads\/2020\/08\/computer-1237x1237.jpg.png\" class=\"attachment-full size-full\" alt=\"\" loading=\"lazy\" srcset=\"https:\/\/sperling-translations.de\/wp-content\/uploads\/2020\/08\/computer-1237x1237.jpg.png 1237w, https:\/\/sperling-translations.de\/wp-content\/uploads\/2020\/08\/computer-1237x1237.jpg-300x300.png 300w, https:\/\/sperling-translations.de\/wp-content\/uploads\/2020\/08\/computer-1237x1237.jpg-1024x1024.png 1024w, https:\/\/sperling-translations.de\/wp-content\/uploads\/2020\/08\/computer-1237x1237.jpg-150x150.png 150w, https:\/\/sperling-translations.de\/wp-content\/uploads\/2020\/08\/computer-1237x1237.jpg-768x768.png 768w\" sizes=\"(max-width: 1237px) 100vw, 1237px\" \/><\/figure><div class=\"elementor-image-box-content\"><h3 class=\"elementor-image-box-title\">Translation<\/h3><p class=\"elementor-image-box-description\">No matter whether it`s general texts, contracts, technical documents or certificates. We provide you with the right translation of any type of text.<\/p><\/div><\/div>\t\t<\/div>\n\t\t\t\t<\/div>\n\t\t\t\t\t\t<\/div>\n\t\t\t<\/div>\n\t\t<\/div>\n\t\t\t\t<div class=\"elementor-element elementor-element-5101747a elementor-column elementor-col-50 elementor-inner-column\" data-id=\"5101747a\" data-element_type=\"column\" data-settings=\"{&quot;background_background&quot;:&quot;classic&quot;}\">\n\t\t\t<div class=\"elementor-column-wrap  elementor-element-populated\">\n\t\t\t\t\t<div class=\"elementor-widget-wrap\">\n\t\t\t\t<div class=\"elementor-element elementor-element-5a8b5c2e elementor-position-right elementor-vertical-align-middle elementor-widget elementor-widget-image-box\" data-id=\"5a8b5c2e\" data-element_type=\"widget\" data-widget_type=\"image-box.default\">\n\t\t\t\t<div class=\"elementor-widget-container\">\n\t\t\t<div class=\"elementor-image-box-wrapper\"><figure class=\"elementor-image-box-img\"><img width=\"1238\" height=\"1238\" src=\"https:\/\/sperling-translations.de\/wp-content\/uploads\/2020\/08\/headphones-1237x1237-1.jpg\" class=\"attachment-full size-full\" alt=\"\" loading=\"lazy\" srcset=\"https:\/\/sperling-translations.de\/wp-content\/uploads\/2020\/08\/headphones-1237x1237-1.jpg 1238w, https:\/\/sperling-translations.de\/wp-content\/uploads\/2020\/08\/headphones-1237x1237-1-300x300.jpg 300w, https:\/\/sperling-translations.de\/wp-content\/uploads\/2020\/08\/headphones-1237x1237-1-1024x1024.jpg 1024w, https:\/\/sperling-translations.de\/wp-content\/uploads\/2020\/08\/headphones-1237x1237-1-150x150.jpg 150w, https:\/\/sperling-translations.de\/wp-content\/uploads\/2020\/08\/headphones-1237x1237-1-768x768.jpg 768w\" sizes=\"(max-width: 1238px) 100vw, 1238px\" \/><\/figure><div class=\"elementor-image-box-content\"><h3 class=\"elementor-image-box-title\">Interpreting<\/h3><p class=\"elementor-image-box-description\">Simultaneous, community or consecutive interpreting? We offer the best solution for any communication situation.<\/p><\/div><\/div>\t\t<\/div>\n\t\t\t\t<\/div>\n\t\t\t\t\t\t<\/div>\n\t\t\t<\/div>\n\t\t<\/div>\n\t\t\t\t\t\t<\/div>\n\t\t\t<\/div>\n\t\t<\/section>\n\t\t\t\t\t\t<\/div>\n\t\t\t<\/div>\n\t\t<\/div>\n\t\t\t\t\t\t<\/div>\n\t\t\t<\/div>\n\t\t<\/section>\n\t\t\t\t\t\t<\/div>\n\t\t\t<\/div>\n\t\t<\/div>","protected":false},"excerpt":{"rendered":"<p>Finden Sie die richtigen Worte und das in jeder Sprache! kontakt Services \u00dcbersetzen Egal ob Vertr\u00e4ge, technische Dokumentationen oder Urkunden. Hier finden Sie die geeignete \u00dcbersetzung f\u00fcr jede Textart. Dolmetschen Simultandolmetschen, Community Interpreting oder Konsekutivdolmetschen? Wir bieten die optimale L\u00f6sung f\u00fcr jede Kommunikationssituation.<\/p>","protected":false},"author":1,"featured_media":0,"parent":0,"menu_order":0,"comment_status":"closed","ping_status":"closed","template":"elementor_header_footer","meta":[],"_links":{"self":[{"href":"https:\/\/sperling-translations.de\/en\/wp-json\/wp\/v2\/pages\/64"}],"collection":[{"href":"https:\/\/sperling-translations.de\/en\/wp-json\/wp\/v2\/pages"}],"about":[{"href":"https:\/\/sperling-translations.de\/en\/wp-json\/wp\/v2\/types\/page"}],"author":[{"embeddable":true,"href":"https:\/\/sperling-translations.de\/en\/wp-json\/wp\/v2\/users\/1"}],"replies":[{"embeddable":true,"href":"https:\/\/sperling-translations.de\/en\/wp-json\/wp\/v2\/comments?post=64"}],"version-history":[{"count":34,"href":"https:\/\/sperling-translations.de\/en\/wp-json\/wp\/v2\/pages\/64\/revisions"}],"predecessor-version":[{"id":275,"href":"https:\/\/sperling-translations.de\/en\/wp-json\/wp\/v2\/pages\/64\/revisions\/275"}],"wp:attachment":[{"href":"https:\/\/sperling-translations.de\/en\/wp-json\/wp\/v2\/media?parent=64"}],"curies":[{"name":"wp","href":"https:\/\/api.w.org\/{rel}","templated":true}]}}