{"id":185,"date":"2020-09-02T14:51:10","date_gmt":"2020-09-02T14:51:10","guid":{"rendered":"http:\/\/sperling-translations.de\/?page_id=185"},"modified":"2021-02-04T10:14:08","modified_gmt":"2021-02-04T10:14:08","slug":"impressum-datenschutz","status":"publish","type":"page","link":"https:\/\/sperling-translations.de\/en\/impressum-datenschutz\/","title":{"rendered":"Imprint & Data Privacy Statement"},"content":{"rendered":"<div data-elementor-type=\"wp-page\" data-elementor-id=\"185\" class=\"elementor elementor-185\" data-elementor-settings=\"[]\">\n\t\t\t<div class=\"elementor-inner\">\n\t\t\t\t<div class=\"elementor-section-wrap\">\n\t\t\t\t\t\t\t<header class=\"elementor-element elementor-element-32c2c681 elementor-section-boxed elementor-section-height-default elementor-section-height-default elementor-section elementor-top-section\" data-id=\"32c2c681\" data-element_type=\"section\" data-settings=\"{&quot;background_background&quot;:&quot;classic&quot;}\">\n\t\t\t\t\t\t\t<div class=\"elementor-background-overlay\"><\/div>\n\t\t\t\t\t\t\t<div class=\"elementor-container elementor-column-gap-default\">\n\t\t\t\t<div class=\"elementor-row\">\n\t\t\t\t<div class=\"elementor-element elementor-element-8abb7e elementor-column elementor-col-100 elementor-top-column\" data-id=\"8abb7e\" data-element_type=\"column\">\n\t\t\t<div class=\"elementor-column-wrap  elementor-element-populated\">\n\t\t\t\t\t<div class=\"elementor-widget-wrap\">\n\t\t\t\t<div class=\"elementor-element elementor-element-3d9c49c elementor-widget__width-auto elementor-widget elementor-widget-heading\" data-id=\"3d9c49c\" data-element_type=\"widget\" data-widget_type=\"heading.default\">\n\t\t\t\t<div class=\"elementor-widget-container\">\n\t\t\t<h1 class=\"elementor-heading-title elementor-size-default\">Imprint & Data Privacy Statement<\/h1>\t\t<\/div>\n\t\t\t\t<\/div>\n\t\t\t\t\t\t<\/div>\n\t\t\t<\/div>\n\t\t<\/div>\n\t\t\t\t\t\t<\/div>\n\t\t\t<\/div>\n\t\t<\/header>\n\t\t\t\t<section class=\"elementor-element elementor-element-5e339274 elementor-section-boxed elementor-section-height-default elementor-section-height-default elementor-section elementor-top-section\" data-id=\"5e339274\" data-element_type=\"section\">\n\t\t\t\t\t\t<div class=\"elementor-container elementor-column-gap-default\">\n\t\t\t\t<div class=\"elementor-row\">\n\t\t\t\t<div class=\"elementor-element elementor-element-412d3258 elementor-column elementor-col-50 elementor-top-column\" data-id=\"412d3258\" data-element_type=\"column\">\n\t\t\t<div class=\"elementor-column-wrap  elementor-element-populated\">\n\t\t\t\t\t<div class=\"elementor-widget-wrap\">\n\t\t\t\t<div class=\"elementor-element elementor-element-23c8af14 elementor-widget elementor-widget-heading\" data-id=\"23c8af14\" data-element_type=\"widget\" data-widget_type=\"heading.default\">\n\t\t\t\t<div class=\"elementor-widget-container\">\n\t\t\t<h2 class=\"elementor-heading-title elementor-size-default\">Imprint<\/h2>\t\t<\/div>\n\t\t\t\t<\/div>\n\t\t\t\t<div class=\"elementor-element elementor-element-5f2e33f elementor-widget elementor-widget-divider\" data-id=\"5f2e33f\" data-element_type=\"widget\" data-widget_type=\"divider.default\">\n\t\t\t\t<div class=\"elementor-widget-container\">\n\t\t\t\t\t<div class=\"elementor-divider\">\n\t\t\t<span class=\"elementor-divider-separator\">\n\t\t\t\t\t\t<\/span>\n\t\t<\/div>\n\t\t\t\t<\/div>\n\t\t\t\t<\/div>\n\t\t\t\t<div class=\"elementor-element elementor-element-227ada59 elementor-widget elementor-widget-text-editor\" data-id=\"227ada59\" data-element_type=\"widget\" data-widget_type=\"text-editor.default\">\n\t\t\t\t<div class=\"elementor-widget-container\">\n\t\t\t\t\t<div class=\"elementor-text-editor elementor-clearfix\"><p>Marina Mitterhuber-Heitmeir<\/p>\n<p>Blumenstr. 11<\/p>\n<p>83533 Edling<\/p>\n<p><\/p>\n<p>08071\/921727<\/p>\n<p><\/p>\n<p>info@sperling-translations.de<\/p>\n<p><\/p>\n<p>Mit WordPress erstellt, Fotos von pixabay.com.<\/p>\n<p><br><\/p>\n<p><\/p>\n<p style=\"font-variant-ligatures: normal; font-variant-caps: normal; font-family: Montserrat, sans-serif; font-size: 14px; font-style: normal; letter-spacing: 0.8px;\"><b>Haftung f\u00fcr Inhalte<\/b><\/p>\n<p style=\"font-variant-ligatures: normal; font-variant-caps: normal; font-family: Montserrat, sans-serif; font-size: 14px; font-style: normal; letter-spacing: 0.8px;\"><span style=\"font-family: Montserrat, sans-serif; font-size: 14px; font-style: normal; font-variant-ligatures: normal; font-variant-caps: normal; font-weight: 500; letter-spacing: 0.8px;\">Als Diensteanbieter sind wir gem\u00e4\u00df \u00a7 7 Abs.1 TMG f\u00fcr eigene Inhalte auf diesen Seiten nach den&nbsp;allgemeinen Gesetzen verantwortlich. Nach \u00a7\u00a7 8 bis 10 TMG sind wir als Diensteanbieter jedoch nicht verpflichtet, \u00fcbermittelte oder gespeicherte fremde Informationen zu \u00fcberwachen oder nach Umst\u00e4nden zu forschen, die auf eine rechtswidrige T\u00e4tigkeit hinweisen. Verpflichtungen zur Entfernung oder Sperrung der Nutzung von Informationen nach den allgemeinen&nbsp;Gesetzen bleiben hiervon unber\u00fchrt. Eine diesbez\u00fcgliche Haftung ist jedoch erst ab dem Zeitpunkt der&nbsp;Kenntnis einer konkreten Rechtsverletzung m\u00f6glich. Bei Bekanntwerden von entsprechenden&nbsp;Rechtsverletzungen werden wir diese Inhalte umgehend entfernen.<\/span><\/p>\n<p><\/p>\n<p style=\"font-variant-ligatures: normal; font-variant-caps: normal; font-family: Montserrat, sans-serif; font-size: 14px; font-style: normal; letter-spacing: 0.8px;\"><b>Haftung f\u00fcr Links<\/b><\/p>\n<p style=\"font-variant-ligatures: normal; font-variant-caps: normal; font-family: Montserrat, sans-serif; font-size: 14px; font-style: normal; letter-spacing: 0.8px;\">Unser Angebot enth\u00e4lt Links zu externen Websites Dritter, auf deren Inhalte wir keinen Einfluss haben.&nbsp;Deshalb k\u00f6nnen wir f\u00fcr diese fremden Inhalte auch keine Gew\u00e4hr \u00fcbernehmen. F\u00fcr die Inhalte der&nbsp;verlinkten Seiten ist stets der jeweilige Anbieter oder Betreiber der Seiten verantwortlich. Die verlinkten&nbsp;Seiten wurden zum Zeitpunkt der Verlinkung auf m\u00f6gliche Rechtsverst\u00f6\u00dfe \u00fcberpr\u00fcft. Rechtswidrige Inhalte&nbsp;waren zum Zeitpunkt der Verlinkung nicht erkennbar.<\/p>\n<p style=\"font-variant-ligatures: normal; font-variant-caps: normal; font-family: Montserrat, sans-serif; font-size: 14px; font-style: normal; font-weight: 500; letter-spacing: 0.8px;\">Eine permanente inhaltliche Kontrolle der verlinkten Seiten ist jedoch ohne konkrete Anhaltspunkte einer Rechtsverletzung nicht zumutbar. Bei Bekanntwerden von Rechtsverletzungen werden wir derartige Links&nbsp;umgehend entfernen.<\/p>\n<p><\/p>\n<p style=\"font-variant-ligatures: normal; font-variant-caps: normal; font-family: Montserrat, sans-serif; font-size: 14px; font-style: normal; letter-spacing: 0.8px;\"><b>Urheberrecht<\/b><\/p>\n<p style=\"font-variant-ligatures: normal; font-variant-caps: normal; font-family: Montserrat, sans-serif; font-size: 14px; font-style: normal; letter-spacing: 0.8px;\">Die durch die Seitenbetreiber erstellten Inhalte und Werke auf diesen Seiten unterliegen dem deutschen&nbsp;Urheberrecht. Die Vervielf\u00e4ltigung, Bearbeitung, Verbreitung und jede Art der Verwertung au\u00dferhalb der&nbsp;Grenzen des Urheberrechtes bed\u00fcrfen der schriftlichen Zustimmung des jeweiligen Autors bzw. Erstellers.&nbsp;Downloads und Kopien dieser Seite sind nur f\u00fcr den privaten, nicht kommerziellen Gebrauch gestattet.<\/p>\n<p style=\"font-variant-ligatures: normal; font-variant-caps: normal; font-family: Montserrat, sans-serif; font-size: 14px; font-style: normal; font-weight: 500; letter-spacing: 0.8px;\">Soweit die Inhalte auf dieser Seite nicht vom Betreiber erstellt wurden, werden die Urheberrechte Dritter&nbsp;beachtet. Insbesondere werden Inhalte Dritter als solche gekennzeichnet. Sollten Sie trotzdem auf eine Urheberrechtsverletzung aufmerksam werden, bitten wir um einen entsprechenden Hinweis. Bei Bekanntwerden von Rechtsverletzungen werden wir derartige Inhalte umgehend entfernen.<\/p><p style=\"font-variant-ligatures: normal; font-variant-caps: normal; font-family: Montserrat, sans-serif; font-size: 14px; font-style: normal; font-weight: 500; letter-spacing: 0.8px;\"><br><\/p><p style=\"font-variant-ligatures: normal; font-variant-caps: normal; font-family: Montserrat, sans-serif; font-size: 14px; font-style: normal; font-weight: 500; letter-spacing: 0.8px;\"><br><\/p>\n<div>\n<\/div>\n<p style=\"font-variant-ligatures: normal; font-variant-caps: normal; font-family: Montserrat, sans-serif; font-size: 14px; font-style: normal; font-weight: 500; letter-spacing: 0.8px;\">\n<\/p><p style=\"font-variant-ligatures: normal; font-variant-caps: normal; font-family: Montserrat, sans-serif; font-size: 14px; font-style: normal; font-weight: 500; letter-spacing: 0.8px;\">\n<\/p><\/div>\n\t\t\t\t<\/div>\n\t\t\t\t<\/div>\n\t\t\t\t\t\t<\/div>\n\t\t\t<\/div>\n\t\t<\/div>\n\t\t\t\t<div class=\"elementor-element elementor-element-1be8329 elementor-column elementor-col-50 elementor-top-column\" data-id=\"1be8329\" data-element_type=\"column\">\n\t\t\t<div class=\"elementor-column-wrap  elementor-element-populated\">\n\t\t\t\t\t<div class=\"elementor-widget-wrap\">\n\t\t\t\t<div class=\"elementor-element elementor-element-4f06dd3 elementor-widget elementor-widget-heading\" data-id=\"4f06dd3\" data-element_type=\"widget\" data-widget_type=\"heading.default\">\n\t\t\t\t<div class=\"elementor-widget-container\">\n\t\t\t<h2 class=\"elementor-heading-title elementor-size-default\">Datenschutzerkl\u00e4rung<\/h2>\t\t<\/div>\n\t\t\t\t<\/div>\n\t\t\t\t<div class=\"elementor-element elementor-element-c163aa8 elementor-widget elementor-widget-divider\" data-id=\"c163aa8\" data-element_type=\"widget\" data-widget_type=\"divider.default\">\n\t\t\t\t<div class=\"elementor-widget-container\">\n\t\t\t\t\t<div class=\"elementor-divider\">\n\t\t\t<span class=\"elementor-divider-separator\">\n\t\t\t\t\t\t<\/span>\n\t\t<\/div>\n\t\t\t\t<\/div>\n\t\t\t\t<\/div>\n\t\t\t\t<div class=\"elementor-element elementor-element-a4bf9a5 elementor-widget elementor-widget-text-editor\" data-id=\"a4bf9a5\" data-element_type=\"widget\" data-widget_type=\"text-editor.default\">\n\t\t\t\t<div class=\"elementor-widget-container\">\n\t\t\t\t\t<div class=\"elementor-text-editor elementor-clearfix\"><p style=\"font-variant-ligatures: normal; font-variant-caps: normal; font-family: Montserrat, sans-serif; font-size: 14px; font-style: normal; font-weight: 500; letter-spacing: 0.8px;\">Data Privacy Statement available here in German only. Please contact me for an English version via info@sperling-translations.de<\/p><p style=\"font-variant-ligatures: normal; font-variant-caps: normal; font-family: Montserrat, sans-serif; font-size: 14px; font-style: normal; font-weight: 500; letter-spacing: 0.8px;\"><span style=\"font-size: 14px; font-weight: bold;\">Datenschutz<\/span><\/p><p style=\"font-variant-ligatures: normal; font-variant-caps: normal; font-family: Montserrat, sans-serif; font-size: 14px; font-style: normal; font-weight: 500; letter-spacing: 0.8px;\">Die Betreiber dieser Seiten nehmen den Schutz Ihrer pers\u00f6nlichen Daten sehr ernst. Wir behandeln Ihre personenbezogenen Daten vertraulich und entsprechend der gesetzlichen Datenschutzvorschriften sowie dieser Datenschutzerkl\u00e4rung.<\/p><p style=\"font-variant-ligatures: normal; font-variant-caps: normal; font-family: Montserrat, sans-serif; font-size: 14px; font-style: normal; font-weight: 500; letter-spacing: 0.8px;\"><span style=\"font-family: Montserrat, sans-serif; font-size: 14px; font-style: normal; font-variant-ligatures: normal; font-variant-caps: normal; font-weight: 500; letter-spacing: 0.8px;\">Die Nutzung unserer Website ist in der Regel ohne Angabe personenbezogener Daten m\u00f6glich. Soweit auf unseren Seiten personenbezogene Daten (beispielsweise Name, Anschrift oder E-Mail-Adressen) erhoben werden, erfolgt dies, soweit m\u00f6glich, stets auf freiwilliger Basis. Diese Daten werden ohne Ihre ausdr\u00fcckliche Zustimmung nicht an Dritte weitergegeben.<\/span><\/p><p style=\"font-variant-ligatures: normal; font-variant-caps: normal; font-family: Montserrat, sans-serif; font-size: 14px; font-style: normal; font-weight: 500; letter-spacing: 0.8px;\">Wir weisen darauf hin, dass die Daten\u00fcbertragung im Internet (z.B. bei der Kommunikation per E-Mail) Sicherheitsl\u00fccken aufweisen kann. Ein l\u00fcckenloser Schutz der Daten vor dem Zugriff durch Dritte ist nicht m\u00f6glich.<\/p><p style=\"font-variant-ligatures: normal; font-variant-caps: normal; font-family: Montserrat, sans-serif; font-size: 14px; font-style: normal; font-weight: 500; letter-spacing: 0.8px;\">\u00a0<\/p><\/div>\n\t\t\t\t<\/div>\n\t\t\t\t<\/div>\n\t\t\t\t\t\t<\/div>\n\t\t\t<\/div>\n\t\t<\/div>\n\t\t\t\t\t\t<\/div>\n\t\t\t<\/div>\n\t\t<\/section>\n\t\t\t\t\t\t<\/div>\n\t\t\t<\/div>\n\t\t<\/div>","protected":false},"excerpt":{"rendered":"<p>Impressum &amp; Datenschutz Impressum Marina Mitterhuber-Heitmeir Blumenstr. 11 83533 Edling 08071\/921727 info@sperling-translations.de Mit WordPress erstellt, Fotos von pixabay.com. Haftung f\u00fcr Inhalte Als Diensteanbieter sind wir gem\u00e4\u00df \u00a7 7 Abs.1 TMG f\u00fcr eigene Inhalte auf diesen Seiten nach den&nbsp;allgemeinen Gesetzen verantwortlich. Nach \u00a7\u00a7 8 bis 10 TMG sind wir als Diensteanbieter jedoch nicht verpflichtet, \u00fcbermittelte oder [&hellip;]<\/p>","protected":false},"author":1,"featured_media":0,"parent":0,"menu_order":0,"comment_status":"closed","ping_status":"closed","template":"","meta":[],"_links":{"self":[{"href":"https:\/\/sperling-translations.de\/en\/wp-json\/wp\/v2\/pages\/185"}],"collection":[{"href":"https:\/\/sperling-translations.de\/en\/wp-json\/wp\/v2\/pages"}],"about":[{"href":"https:\/\/sperling-translations.de\/en\/wp-json\/wp\/v2\/types\/page"}],"author":[{"embeddable":true,"href":"https:\/\/sperling-translations.de\/en\/wp-json\/wp\/v2\/users\/1"}],"replies":[{"embeddable":true,"href":"https:\/\/sperling-translations.de\/en\/wp-json\/wp\/v2\/comments?post=185"}],"version-history":[{"count":15,"href":"https:\/\/sperling-translations.de\/en\/wp-json\/wp\/v2\/pages\/185\/revisions"}],"predecessor-version":[{"id":265,"href":"https:\/\/sperling-translations.de\/en\/wp-json\/wp\/v2\/pages\/185\/revisions\/265"}],"wp:attachment":[{"href":"https:\/\/sperling-translations.de\/en\/wp-json\/wp\/v2\/media?parent=185"}],"curies":[{"name":"wp","href":"https:\/\/api.w.org\/{rel}","templated":true}]}}